{"id":162,"date":"2016-04-25T14:29:01","date_gmt":"2016-04-25T12:29:01","guid":{"rendered":"http:\/\/landscaping.thimpress.com\/demo-2\/?page_id=8"},"modified":"2020-03-17T16:01:35","modified_gmt":"2020-03-17T15:01:35","slug":"home-1","status":"publish","type":"page","link":"https:\/\/baserrikoa.eus\/es\/","title":{"rendered":"Inicio"},"content":{"rendered":"<div id=\"pl-162\"  class=\"panel-layout\" ><div id=\"pg-162-0\"  class=\"panel-grid panel-has-style\" ><div class=\"siteorigin-panels-stretch thim-fix-stretched thim-bg-tile panel-row-style panel-row-style-for-162-0\" data-stretch-type=\"full-stretched\" ><div id=\"pgc-162-0-0\"  class=\"panel-grid-cell\" ><div id=\"panel-162-0-0-0\" class=\"so-panel widget widget_text panel-first-child panel-last-child\" data-index=\"0\" >\t\t\t<div class=\"textwidget\">\n<div id=\"rev_slider_2_1_wrapper\" class=\"rev_slider_wrapper fullscreen-container\" data-source=\"gallery\" style=\"background:#ffffff;padding:0px;\">\n<!-- START REVOLUTION SLIDER 5.4.7.2 fullscreen mode -->\n\t<div id=\"rev_slider_2_1\" class=\"rev_slider fullscreenbanner\" style=\"display:none;\" data-version=\"5.4.7.2\">\n<ul>\t<!-- SLIDE  -->\n\t<li data-index=\"rs-4\" data-transition=\"fade\" data-slotamount=\"default\" data-hideafterloop=\"0\" data-hideslideonmobile=\"off\"  data-easein=\"default\" data-easeout=\"default\" data-masterspeed=\"300\"  data-thumb=\"https:\/\/baserrikoa.eus\/wp-content\/uploads\/baserrikoa-debabarrena-hasiera-120x80.jpg\"  data-delay=\"9400\"  data-rotate=\"0\"  data-saveperformance=\"off\"  data-title=\"Slide\" data-param1=\"\" data-param2=\"\" data-param3=\"\" data-param4=\"\" data-param5=\"\" data-param6=\"\" data-param7=\"\" data-param8=\"\" data-param9=\"\" data-param10=\"\" data-description=\"\">\n\t\t<!-- MAIN IMAGE -->\n\t\t<img loading=\"lazy\" decoding=\"async\" src=\"https:\/\/baserrikoa.eus\/wp-content\/plugins\/revslider\/admin\/assets\/images\/dummy.png\"  alt=\"\" title=\"baserrikoa-debabarrena-hasiera\"  width=\"1600\" height=\"750\" data-lazyload=\"https:\/\/baserrikoa.eus\/wp-content\/uploads\/baserrikoa-debabarrena-hasiera.jpg\" data-bgposition=\"center top\" data-bgfit=\"cover\" data-bgrepeat=\"no-repeat\" class=\"rev-slidebg\" data-no-retina>\n\t\t<!-- LAYERS -->\n\n\t\t<!-- LAYER NR. 1 -->\n\t\t<h3 class=\"tp-caption thim-slider-heading   tp-resizeme\" \n\t\t\t id=\"slide-4-layer-1\" \n\t\t\t data-x=\"['center','center','center','center']\" data-hoffset=\"['0','0','0','0']\" \n\t\t\t data-y=\"['middle','middle','middle','middle']\" data-voffset=\"['-56','-56','-51','-40']\" \n\t\t\t\t\t\tdata-fontsize=\"['60','60','40','30']\"\n\t\t\tdata-lineheight=\"['60','60','40','30']\"\n\t\t\tdata-width=\"none\"\n\t\t\tdata-height=\"none\"\n\t\t\tdata-whitespace=\"nowrap\"\n \n\t\t\tdata-type=\"text\" \n\t\t\tdata-responsive_offset=\"off\" \n\n\t\t\tdata-frames='[{\"delay\":1000,\"speed\":1000,\"frame\":\"0\",\"from\":\"y:[-100%];z:0;rX:0deg;rY:0;rZ:0;sX:1;sY:1;skX:0;skY:0;\",\"mask\":\"x:0px;y:0px;s:inherit;e:inherit;\",\"to\":\"o:1;\",\"ease\":\"Power3.easeInOut\"},{\"delay\":\"wait\",\"speed\":300,\"frame\":\"999\",\"to\":\"opacity:0;\",\"ease\":\"nothing\"}]'\n\t\t\tdata-textAlign=\"['center','center','center','center']\"\n\t\t\tdata-paddingtop=\"[0,0,0,0]\"\n\t\t\tdata-paddingright=\"[0,0,0,0]\"\n\t\t\tdata-paddingbottom=\"[0,0,0,0]\"\n\t\t\tdata-paddingleft=\"[0,0,0,0]\"\n\n\t\t\tstyle=\"z-index: 5; white-space: nowrap; font-size: 60px; line-height: 60px; font-weight: 800; color: rgba(255,255,255,1);text-transform:uppercase;\">Consume fresco<br\/>local y de temporada <\/h3>\n\t<\/li>\n<\/ul>\n<script>var htmlDiv = document.getElementById(\"rs-plugin-settings-inline-css\"); var htmlDivCss=\"\";\n\t\t\t\t\t\tif(htmlDiv) {\n\t\t\t\t\t\t\thtmlDiv.innerHTML = htmlDiv.innerHTML + htmlDivCss;\n\t\t\t\t\t\t}else{\n\t\t\t\t\t\t\tvar htmlDiv = document.createElement(\"div\");\n\t\t\t\t\t\t\thtmlDiv.innerHTML = \"<style>\" + htmlDivCss + \"<\/style>\";\n\t\t\t\t\t\t\tdocument.getElementsByTagName(\"head\")[0].appendChild(htmlDiv.childNodes[0]);\n\t\t\t\t\t\t}\n\t\t\t\t\t<\/script>\n<div class=\"tp-bannertimer tp-bottom\" style=\"visibility: hidden !important;\"><\/div>\t<\/div>\n<script>var htmlDiv = document.getElementById(\"rs-plugin-settings-inline-css\"); var htmlDivCss=\"\";\n\t\t\t\tif(htmlDiv) {\n\t\t\t\t\thtmlDiv.innerHTML = htmlDiv.innerHTML + htmlDivCss;\n\t\t\t\t}else{\n\t\t\t\t\tvar htmlDiv = document.createElement(\"div\");\n\t\t\t\t\thtmlDiv.innerHTML = \"<style>\" + htmlDivCss + \"<\/style>\";\n\t\t\t\t\tdocument.getElementsByTagName(\"head\")[0].appendChild(htmlDiv.childNodes[0]);\n\t\t\t\t}\n\t\t\t<\/script>\n\t\t<script type=\"text\/javascript\">\nif (setREVStartSize!==undefined) setREVStartSize(\n\t{c: '#rev_slider_2_1', responsiveLevels: [1240,1024,778,480], gridwidth: [1024,970,778,480], gridheight: [500,480,480,360], sliderLayout: 'fullscreen', fullScreenAutoWidth:'off', fullScreenAlignForce:'off', fullScreenOffsetContainer:'', fullScreenOffset:'160px'});\n\t\t\t\nvar revapi2,\n\ttpj;\t\n(function() {\t\t\t\n\tif (!\/loaded|interactive|complete\/.test(document.readyState)) document.addEventListener(\"DOMContentLoaded\",onLoad); else onLoad();\t\n\tfunction onLoad() {\t\t\t\t\n\t\tif (tpj===undefined) { tpj = jQuery; if(\"off\" == \"on\") tpj.noConflict();}\n\tif(tpj(\"#rev_slider_2_1\").revolution == undefined){\n\t\trevslider_showDoubleJqueryError(\"#rev_slider_2_1\");\n\t}else{\n\t\trevapi2 = tpj(\"#rev_slider_2_1\").show().revolution({\n\t\t\tsliderType:\"standard\",\n\t\t\tjsFileLocation:\"\/\/baserrikoa.eus\/wp-content\/plugins\/revslider\/public\/assets\/js\/\",\n\t\t\tsliderLayout:\"fullscreen\",\n\t\t\tdottedOverlay:\"none\",\n\t\t\tdelay:9000,\n\t\t\tnavigation: {\n\t\t\t\tkeyboardNavigation:\"off\",\n\t\t\t\tkeyboard_direction: \"horizontal\",\n\t\t\t\tmouseScrollNavigation:\"off\",\n \t\t\t\t\t\t\tmouseScrollReverse:\"default\",\n\t\t\t\tonHoverStop:\"off\",\n\t\t\t\ttouch:{\n\t\t\t\t\ttouchenabled:\"on\",\n\t\t\t\t\ttouchOnDesktop:\"off\",\n\t\t\t\t\tswipe_threshold: 75,\n\t\t\t\t\tswipe_min_touches: 50,\n\t\t\t\t\tswipe_direction: \"horizontal\",\n\t\t\t\t\tdrag_block_vertical: false\n\t\t\t\t}\n\t\t\t\t,\n\t\t\t\tbullets: {\n\t\t\t\t\tenable:true,\n\t\t\t\t\thide_onmobile:true,\n\t\t\t\t\thide_under:600,\n\t\t\t\t\tstyle:\"thim-slider-bullets\",\n\t\t\t\t\thide_onleave:true,\n\t\t\t\t\thide_delay:200,\n\t\t\t\t\thide_delay_mobile:1200,\n\t\t\t\t\tdirection:\"horizontal\",\n\t\t\t\t\th_align:\"center\",\n\t\t\t\t\tv_align:\"bottom\",\n\t\t\t\t\th_offset:0,\n\t\t\t\t\tv_offset:60,\n\t\t\t\t\tspace:10,\n\t\t\t\t\ttmp:''\n\t\t\t\t}\n\t\t\t},\n\t\t\tresponsiveLevels:[1240,1024,778,480],\n\t\t\tvisibilityLevels:[1240,1024,778,480],\n\t\t\tgridwidth:[1024,970,778,480],\n\t\t\tgridheight:[500,480,480,360],\n\t\t\tlazyType:\"smart\",\n\t\t\tshadow:0,\n\t\t\tspinner:\"spinner2\",\n\t\t\tstopLoop:\"on\",\n\t\t\tstopAfterLoops:0,\n\t\t\tstopAtSlide:1,\n\t\t\tshuffle:\"off\",\n\t\t\tautoHeight:\"on\",\n\t\t\tfullScreenAutoWidth:\"off\",\n\t\t\tfullScreenAlignForce:\"off\",\n\t\t\tfullScreenOffsetContainer: \"\",\n\t\t\tfullScreenOffset: \"160px\",\n\t\t\tdisableProgressBar:\"on\",\n\t\t\thideThumbsOnMobile:\"off\",\n\t\t\thideSliderAtLimit:0,\n\t\t\thideCaptionAtLimit:0,\n\t\t\thideAllCaptionAtLilmit:0,\n\t\t\tstartWithSlide:0,\n\t\t\tdebugMode:false,\n\t\t\tfallbacks: {\n\t\t\t\tsimplifyAll:\"off\",\n\t\t\t\tnextSlideOnWindowFocus:\"off\",\n\t\t\t\tdisableFocusListener:false,\n\t\t\t}\n\t\t});\n\t}; \/* END OF revapi call *\/\n\t\n }; \/* END OF ON LOAD FUNCTION *\/\n}()); \/* END OF WRAPPING FUNCTION *\/\n<\/script>\n\t\t<script>\n\t\t\t\t\tvar htmlDivCss = ' #rev_slider_2_1_wrapper .tp-loader.spinner2{ background-color: #FFFFFF !important; } ';\n\t\t\t\t\tvar htmlDiv = document.getElementById('rs-plugin-settings-inline-css');\n\t\t\t\t\tif(htmlDiv) {\n\t\t\t\t\t\thtmlDiv.innerHTML = htmlDiv.innerHTML + htmlDivCss;\n\t\t\t\t\t}\n\t\t\t\t\telse{\n\t\t\t\t\t\tvar htmlDiv = document.createElement('div');\n\t\t\t\t\t\thtmlDiv.innerHTML = '<style>' + htmlDivCss + '<\/style>';\n\t\t\t\t\t\tdocument.getElementsByTagName('head')[0].appendChild(htmlDiv.childNodes[0]);\n\t\t\t\t\t}\n\t\t\t\t\t<\/script>\n\t\t\t\t\t<script>\n\t\t\t\t\tvar htmlDivCss = unescape(\"%23rev_slider_2_1%20.thim-slider-bullets.tp-bullets%3Abefore%20%7B%0A%09content%3A%22%20%22%3B%0A%09position%3Aabsolute%3B%0A%09width%3A100%25%3B%0A%09height%3A100%25%3B%0A%09background%3Atransparent%3B%0A%09margin-left%3A-10px%3B%0A%20%20%20%20margin-top%3A-10px%3B%0A%09box-sizing%3Acontent-box%3B%0A%7D%0A%23rev_slider_2_1%20.thim-slider-bullets%20.tp-bullet%20%7B%0A%09width%3A%203px%3B%0A%09height%3A%2020px%3B%0A%09position%3Aabsolute%3B%0A%09background%3A%20color%3A%20rgba%28255%2C255%2C255%2C0.6%29%3B%0A%09cursor%3A%20pointer%3B%0A%09box-sizing%3Acontent-box%3B%0A%7D%0A%23rev_slider_2_1%20.thim-slider-bullets%20.tp-bullet%3Ahover%2C%0A%23rev_slider_2_1%20.thim-slider-bullets%20.tp-bullet.selected%20%7B%0A%20%20%20%20height%3A%2030px%3B%0A%7D%0A\");\n\t\t\t\t\tvar htmlDiv = document.getElementById('rs-plugin-settings-inline-css');\n\t\t\t\t\tif(htmlDiv) {\n\t\t\t\t\t\thtmlDiv.innerHTML = htmlDiv.innerHTML + htmlDivCss;\n\t\t\t\t\t}\n\t\t\t\t\telse{\n\t\t\t\t\t\tvar htmlDiv = document.createElement('div');\n\t\t\t\t\t\thtmlDiv.innerHTML = '<style>' + htmlDivCss + '<\/style>';\n\t\t\t\t\t\tdocument.getElementsByTagName('head')[0].appendChild(htmlDiv.childNodes[0]);\n\t\t\t\t\t}\n\t\t\t\t  <\/script>\n\t\t\t\t<\/div><!-- END REVOLUTION SLIDER -->\n<\/div>\n\t\t<\/div><\/div><\/div><\/div><div id=\"pg-162-1\"  class=\"panel-grid panel-has-style\" ><div class=\"siteorigin-panels-stretch thim-fix-stretched thim-bg-tile panel-row-style panel-row-style-for-162-1\" data-stretch-type=\"full-stretched\" ><div id=\"pgc-162-1-0\"  class=\"panel-grid-cell\" ><div id=\"panel-162-1-0-0\" class=\"so-panel widget widget_text panel-first-child panel-last-child\" data-index=\"1\" >\t\t\t<div class=\"textwidget\"><div class=\"thim-line-effect\">\n<span><\/span>\n<span><\/span>\n<\/div><\/div>\n\t\t<\/div><\/div><\/div><\/div><div id=\"pg-162-2\"  class=\"panel-grid panel-has-style\" ><div class=\"thim-bg-tile panel-row-style panel-row-style-for-162-2\" ><div id=\"pgc-162-2-0\"  class=\"panel-grid-cell\" ><div id=\"panel-162-2-0-0\" class=\"so-panel widget widget_box panel-first-child panel-last-child\" data-index=\"2\" ><div class=\"panel-widget-style panel-widget-style-for-162-2-0-0\" ><div class=\"thim-widget-box thim-widget-box-base\">\n<div\n\tclass=\"thim-box-simple  text-left image-at-top \"\n\tstyle=\"\">\n\t<div class=\"inner\">\n\n\t\t\n\t\t<div class=\"box-content\" style=\"\">\n\t\t\t<a href=\"http:\/\/baserrikoa.eus\/es\/que-es-baserrikoa-debabarrena\/\"><h3 class=\"title\" style=\"font-size: 24px;font-weight: 700;line-height: 1.2em;\">BASERRIKOA <span>DEBABARRENA<\/span><\/h3><\/a><div class=\"description\" style=\"\">BASERRIKOA Debabarrena es una iniciativa puesta en marcha en el a\u00f1o 2012 por la Asociaci\u00f3n de Desarrollo Rural de Debabarrena, <a class=\"negrita\" href=\"http:\/\/debemen.eus\/\" target=\"_blank\">DEBEMEN<\/a> con el apoyo de los ayuntamientos de la comarca y de la Diputaci\u00f3n Foral de Gipuzkoa.<\/div><a class=\"thim-button readmore style4\" href=\"http:\/\/baserrikoa.eus\/es\/que-es-baserrikoa-debabarrena\/\">LEER M\u00c1S<\/a>\t\t<\/div>\n\n\t<\/div>\n\n<\/div>\n\n<\/div><\/div><\/div><\/div><div id=\"pgc-162-2-1\"  class=\"panel-grid-cell\" ><div id=\"panel-162-2-1-0\" class=\"so-panel widget widget_single-image panel-first-child\" data-index=\"3\" ><div class=\"thim-widget-single-image thim-widget-single-image-base\">\n<div class=\"thim-single-image thim_layout_normal no-effect\">\n\t<div class=\"wrapper-image\"><div class=\"single-image center\"><a target=\"_self\" href=\"http:\/\/baserrikoa.eus\/es\/mercados-y-venta-directa\/\"><img style=\"height:px;\" src =\"https:\/\/baserrikoa.eus\/wp-content\/uploads\/baserrikoa-debabarrena-mercados.jpg\" width=\"full\" height=\"\" alt= \"Inicio\" \/><\/a><\/div><\/div><\/div>\n<\/div><\/div><div id=\"panel-162-2-1-1\" class=\"so-panel widget widget_box panel-last-child\" data-index=\"4\" ><div class=\"panel-widget-style panel-widget-style-for-162-2-1-1\" ><div class=\"thim-widget-box thim-widget-box-base\">\n<div\n\tclass=\"thim-box-simple not-line text-left image-at-top \"\n\tstyle=\"\">\n\t<div class=\"inner\">\n\n\t\t\n\t\t<div class=\"box-content\" style=\"\">\n\t\t\t<a href=\"http:\/\/baserrikoa.eus\/es\/mercados-y-venta-directa\/\"><h3 class=\"title\" style=\"font-size: 18px;font-weight: 300;line-height: 1.2em;\">Ferias y Mercados<\/h3><\/a><div class=\"description\" style=\"\">Eskualdeko eta Debabarreneko herrietako ohiko azoka eta azoka berezien zerrenda agertzen da bertan<\/div><a class=\"thim-button readmore style7\" href=\"http:\/\/baserrikoa.eus\/es\/mercados-y-venta-directa\/\">Leer m\u00e1s<\/a>\t\t<\/div>\n\n\t<\/div>\n\n<\/div>\n\n<\/div><\/div><\/div><\/div><div id=\"pgc-162-2-2\"  class=\"panel-grid-cell\" ><div id=\"panel-162-2-2-0\" class=\"so-panel widget widget_single-image panel-first-child\" data-index=\"5\" ><div class=\"thim-widget-single-image thim-widget-single-image-base\">\n<div class=\"thim-single-image thim_layout_normal no-effect\">\n\t<div class=\"wrapper-image\"><div class=\"single-image center\"><a target=\"_self\" href=\"http:\/\/baserrikoa.eus\/es\/productores\/\"><img style=\"height:px;\" src =\"https:\/\/baserrikoa.eus\/wp-content\/uploads\/baserrikoa-debabarrena-productores.jpg\" width=\"full\" height=\"\" alt= \"Inicio\" \/><\/a><\/div><\/div><\/div>\n<\/div><\/div><div id=\"panel-162-2-2-1\" class=\"so-panel widget widget_box panel-last-child\" data-index=\"6\" ><div class=\"panel-widget-style panel-widget-style-for-162-2-2-1\" ><div class=\"thim-widget-box thim-widget-box-base\">\n<div\n\tclass=\"thim-box-simple not-line text-left image-at-top \"\n\tstyle=\"\">\n\t<div class=\"inner\">\n\n\t\t\n\t\t<div class=\"box-content\" style=\"\">\n\t\t\t<a href=\"http:\/\/baserrikoa.eus\/es\/productores\/\"><h3 class=\"title\" style=\"font-size: 18px;font-weight: 300;line-height: 1.2em;\">Productores<\/h3><\/a><div class=\"description\" style=\"\">Eskualdeko ekoizleen zerrenda azaltzen da. Zerrenda hontan ekoizle bakoitzaren fitxa dator, bakoitzak ekoizten dituen produktuen berri eman eta non eskuratu daitezkeen agertzen da.<\/div><a class=\"thim-button readmore style7\" href=\"http:\/\/baserrikoa.eus\/es\/productores\/\">Leer m\u00e1s<\/a>\t\t<\/div>\n\n\t<\/div>\n\n<\/div>\n\n<\/div><\/div><\/div><\/div><div id=\"pgc-162-2-3\"  class=\"panel-grid-cell\" ><div id=\"panel-162-2-3-0\" class=\"so-panel widget widget_single-image panel-first-child\" data-index=\"7\" ><div class=\"thim-widget-single-image thim-widget-single-image-base\">\n<div class=\"thim-single-image thim_layout_normal no-effect\">\n\t<div class=\"wrapper-image\"><div class=\"single-image center\"><a target=\"_self\" href=\"http:\/\/baserrikoa.eus\/es\/comercios\/\"><img style=\"height:px;\" src =\"https:\/\/baserrikoa.eus\/wp-content\/uploads\/baserrikoa-debabarrena-comercios.jpg\" width=\"full\" height=\"\" alt= \"Inicio\" \/><\/a><\/div><\/div><\/div>\n<\/div><\/div><div id=\"panel-162-2-3-1\" class=\"so-panel widget widget_box panel-last-child\" data-index=\"8\" ><div class=\"panel-widget-style panel-widget-style-for-162-2-3-1\" ><div class=\"thim-widget-box thim-widget-box-base\">\n<div\n\tclass=\"thim-box-simple not-line text-left image-at-top \"\n\tstyle=\"\">\n\t<div class=\"inner\">\n\n\t\t\n\t\t<div class=\"box-content\" style=\"\">\n\t\t\t<a href=\"http:\/\/baserrikoa.eus\/es\/comercios\/\"><h3 class=\"title\" style=\"font-size: 18px;font-weight: 300;line-height: 1.2em;\">Comercios<\/h3><\/a><div class=\"description\" style=\"\">Eskualdeko baserriko produktuen salmenta burutzen duten denden zerrenda. Herri bakoitzean dauden denda bakoitzaren fitxa ikusteaz gain , zein produktu saltzen duten azaltzen da.<\/div><a class=\"thim-button readmore style7\" href=\"http:\/\/baserrikoa.eus\/es\/comercios\/\">Leer m\u00e1s<\/a>\t\t<\/div>\n\n\t<\/div>\n\n<\/div>\n\n<\/div><\/div><\/div><\/div><\/div><\/div><div id=\"pg-162-3\"  class=\"panel-grid panel-has-style\" ><div class=\"thim-bg-tile panel-row-style panel-row-style-for-162-3\" ><div id=\"pgc-162-3-0\"  class=\"panel-grid-cell\" ><div id=\"panel-162-3-0-0\" class=\"so-panel widget widget_text panel-first-child panel-last-child\" data-index=\"9\" >\t\t\t<div class=\"textwidget\"><hr style=\"border-weight: 2px;\"><\/div>\n\t\t<\/div><\/div><\/div><\/div><div id=\"pg-162-4\"  class=\"panel-grid panel-has-style\" ><div class=\"thim-bg-tile panel-row-style panel-row-style-for-162-4\" ><div id=\"pgc-162-4-0\"  class=\"panel-grid-cell\" ><div id=\"panel-162-4-0-0\" class=\"so-panel widget widget_heading panel-first-child panel-last-child\" data-index=\"10\" ><div class=\"thim-widget-heading thim-widget-heading-base\"><div class=\"thim-heading text-left \"><div class=\"sc-heading article_heading \" style=\";\"><h3 class=\"heading__primary wrapper-line-heading\"><span><\/span><span class=\"title-text\"><span>Eventos<\/span> relacionados<\/span><span><\/span><\/h3><span class=\"line-heading\"  style=\"border-color: \"><\/span><\/div><\/div><\/div><\/div><\/div><div id=\"pgc-162-4-1\"  class=\"panel-grid-cell\" ><div id=\"panel-162-4-1-0\" class=\"so-panel widget widget_button panel-first-child panel-last-child\" data-index=\"11\" ><div class=\"panel-widget-style panel-widget-style-for-162-4-1-0\" ><div class=\"thim-widget-button thim-widget-button-base\">\n<div id=\"button_6a04c8dca5fe4\" class=\"text-right\">\n\t<a href=\"http:\/\/baserrikoa.eus\/eventos\/\"\n\t   class=\"thim-button style3 inner size-default\">\n\t\t\t\t<span class=\"button-text\">Ver todos<\/span>\n\t<\/a>\n\t<div class=\"button_footer\">\n\t\t<div class=\"left_button\"><\/div>\n\t\t<div class=\"right_button\"><\/div>\n\t<\/div>\n<\/div><\/div><\/div><\/div><\/div><\/div><\/div><div id=\"pg-162-5\"  class=\"panel-grid panel-has-style\" ><div class=\"thim-bg-tile panel-row-style panel-row-style-for-162-5\" ><div id=\"pgc-162-5-0\"  class=\"panel-grid-cell\" ><div id=\"panel-162-5-0-0\" class=\"so-panel widget widget_events panel-first-child panel-last-child\" data-index=\"12\" ><div class=\"panel-widget-style panel-widget-style-for-162-5-0-0\" ><div class=\"thim-widget-events thim-widget-events-base\">\n\t<div class=\"thim-events\">\n\t\t<div class=\"events archive-content row\">\n\t\t\t\t\t<\/div>\n\t<\/div>\n\n<\/div><\/div><\/div><\/div><\/div><\/div><div id=\"pg-162-6\"  class=\"panel-grid panel-has-style\" ><div class=\"thim-line-between siteorigin-panels-stretch thim-bg-cover thim-overlay-color panel-row-style panel-row-style-for-162-6\" data-stretch-type=\"full\" ><div id=\"pgc-162-6-0\"  class=\"panel-grid-cell\" ><div id=\"panel-162-6-0-0\" class=\"so-panel widget widget_box panel-first-child panel-last-child\" data-index=\"13\" ><div class=\"panel-widget-style panel-widget-style-for-162-6-0-0\" ><div class=\"thim-widget-box thim-widget-box-base\">\n<div\n\tclass=\"thim-box-simple not-line text-left image-at-left \"\n\tstyle=\"\">\n\t<div class=\"inner\">\n\n\t\t\n\t\t\t<div class=\"media\" style=\"width: 110px;overflow: visible;\">\n\t\t\t\t<img decoding=\"async\" src=\"https:\/\/baserrikoa.eus\/wp-content\/uploads\/icono-productores.png\" alt=\"icono-productores\">\t\t\t<\/div>\n\t\t\n\t\t<div class=\"box-content\" style=\"width: calc( 100% - 110px )\">\n\t\t\t<h3 class=\"title\" style=\"color: #ffffff;font-size: 24px;font-weight: 700;line-height: 1.6em;\">PRODUCTORES<\/h3><div class=\"description\" style=\"color: #ffffff;\">Conoce los <a href=\"http:\/\/baserrikoa.eus\/productores\/\" class=\"thim-link-color\">Productores<\/a> que forman parte de Baserrikoa Debabarrena.<\/div>\t\t<\/div>\n\n\t<\/div>\n\n<\/div>\n\n<\/div><\/div><\/div><\/div><div id=\"pgc-162-6-1\"  class=\"panel-grid-cell\" ><div id=\"panel-162-6-1-0\" class=\"so-panel widget widget_box panel-first-child panel-last-child\" data-index=\"14\" ><div class=\"panel-widget-style panel-widget-style-for-162-6-1-0\" ><div class=\"thim-widget-box thim-widget-box-base\">\n<div\n\tclass=\"thim-box-simple not-line text-left image-at-left \"\n\tstyle=\"\">\n\t<div class=\"inner\">\n\n\t\t\n\t\t\t<div class=\"media\" style=\"width: 110px;overflow: visible;\">\n\t\t\t\t<img decoding=\"async\" src=\"https:\/\/baserrikoa.eus\/wp-content\/uploads\/icono-comercios.png\" alt=\"icono-comercios\">\t\t\t<\/div>\n\t\t\n\t\t<div class=\"box-content\" style=\"width: calc( 100% - 110px )\">\n\t\t\t<h3 class=\"title\" style=\"color: #ffffff;font-size: 24px;font-weight: 700;line-height: 1.6em;\">COMERCIOS<\/h3><div class=\"description\" style=\"color: #ffffff;\">Descubre los <a href=\"http:\/\/baserrikoa.eus\/comercios\/\" class=\"thim-link-color\">Comercios<\/a> adheridos a la iniciativa Baserrikoa Debabarrena.<\/div>\t\t<\/div>\n\n\t<\/div>\n\n<\/div>\n\n<\/div><\/div><\/div><\/div><\/div><\/div><div id=\"pg-162-7\"  class=\"panel-grid panel-has-style\" ><div class=\"thim-bg-tile panel-row-style panel-row-style-for-162-7\" ><div id=\"pgc-162-7-0\"  class=\"panel-grid-cell\" ><div id=\"panel-162-7-0-0\" class=\"so-panel widget widget_heading panel-first-child\" data-index=\"15\" ><div class=\"panel-widget-style panel-widget-style-for-162-7-0-0\" ><div class=\"thim-widget-heading thim-widget-heading-base\"><div class=\"thim-heading text-center \"><div class=\"sc-heading article_heading \" style=\";\"><h3 class=\"heading__primary wrapper-line-heading\"><span><\/span><span class=\"title-text\">\u00daltimas <span>Noticias<\/span><\/span><span><\/span><\/h3><span class=\"line-heading\"  style=\"border-color: \"><\/span><\/div><\/div><\/div><\/div><\/div><div id=\"panel-162-7-0-1\" class=\"so-panel widget widget_list-post panel-last-child\" data-index=\"16\" ><div class=\"thim-widget-list-post thim-widget-list-post-base\">\t<div class=\"thim-list-post-wrapper-simple list-post-style3\">\n\t\t<div class=\"inner-list\">\n\t\t\t<div class=\"list-posts row\">\t\t\t\t<div class=\"item-post col-xs-6 col-md-4 post-7880 post type-post status-publish format-standard hentry category-blog\">\n\t\t\t\t\t<div class=\"article-title-wrapper\">\n\t\t\t\t\t\t<div class=\"article-inner\">\n\n\t\t\t\t\t\t\t<div class=\"media\">\n\t\t\t\t\t\t\t\t\t\t\t\t\t\t\t<\/div>\n\n\t\t\t\t\t\t\t<div class=\"post-content\">\n\t\t\t\t\t\t\t\t<a href=\"https:\/\/baserrikoa.eus\/es\/feria-gabon-zahar\/\"\n\t\t\t\t\t\t\t\t   class=\"article-title\"><h3\n\t\t\t\t\t\t\t\t\t\tclass=\"title\">Feria Gabon Zahar<\/h3><\/a>\n\t\t\t\t\t\t\t\t\t\t\t\t\t\t\t\t<div class=\"thim-post-content\">\n\t\t\t\t\t\t\t\t\t<p>El d\u00eda 29 de Diciembre Concurso y venta de frutas y verduras. Venta y exposici\u00f3n de productos autoctonos y concurso de quesos. Exhibici\u00f3n y exposici\u00f3n de burros de Encartaciones, cabras, ponys, euskal txerria.. Feria de ganadi y venta de utensilios del sector rural<\/p>\n\t\t\t\t\t\t\t\t<\/div>\n\t\t\t\t\t\t\t<\/div>\n\t\t\t\t\t\t\t<a href=\"https:\/\/baserrikoa.eus\/es\/feria-gabon-zahar\/\"\n\t\t\t\t\t\t\t   class=\"thim-button readmore style7\">Leer m\u00e1s<\/a>\n\t\t\t\t\t\t<\/div>\n\t\t\t\t\t<\/div>\n\t\t\t\t<\/div>\n\t\t\t\t\t\t\t\t<div class=\"item-post col-xs-6 col-md-4 post-5150 post type-post status-publish format-standard has-post-thumbnail hentry category-blog\">\n\t\t\t\t\t<div class=\"article-title-wrapper\">\n\t\t\t\t\t\t<div class=\"article-inner\">\n\n\t\t\t\t\t\t\t<div class=\"media\">\n\t\t\t\t\t\t\t\t\t\t\t\t\t\t\t\t\t<a href=\"https:\/\/baserrikoa.eus\/es\/presentacion-baserrikoa\/\">\n\t\t\t\t\t\t\t\t\t\t<img decoding=\"async\" src=\"https:\/\/baserrikoa.eus\/wp-content\/uploads\/Optimized-20170517_132428-370x270.jpg\"\n\t\t\t\t\t\t\t\t\t\t     alt=\"Presentaci\u00f3n Baserrikoa\"\n\t\t\t\t\t\t\t\t\t\t     title=\"Presentaci\u00f3n Baserrikoa\"\/>\n\t\t\t\t\t\t\t\t\t<\/a>\n\t\t\t\t\t\t\t\t\t\t\t\t\t\t\t<\/div>\n\n\t\t\t\t\t\t\t<div class=\"post-content\">\n\t\t\t\t\t\t\t\t<a href=\"https:\/\/baserrikoa.eus\/es\/presentacion-baserrikoa\/\"\n\t\t\t\t\t\t\t\t   class=\"article-title\"><h3\n\t\t\t\t\t\t\t\t\t\tclass=\"title\">Presentaci\u00f3n Baserrikoa<\/h3><\/a>\n\t\t\t\t\t\t\t\t\t\t\t\t\t\t\t\t<div class=\"thim-post-content\">\n\t\t\t\t\t\t\t\t\t<p>El  20 de Septiembre se presentar\u00e1 el proyecto Baserrikoa<\/p>\n\t\t\t\t\t\t\t\t<\/div>\n\t\t\t\t\t\t\t<\/div>\n\t\t\t\t\t\t\t<a href=\"https:\/\/baserrikoa.eus\/es\/presentacion-baserrikoa\/\"\n\t\t\t\t\t\t\t   class=\"thim-button readmore style7\">Leer m\u00e1s<\/a>\n\t\t\t\t\t\t<\/div>\n\t\t\t\t\t<\/div>\n\t\t\t\t<\/div>\n\t\t\t\t\t\t\t\t<div class=\"item-post col-xs-6 col-md-4 post-5146 post type-post status-publish format-standard has-post-thumbnail hentry category-blog\">\n\t\t\t\t\t<div class=\"article-title-wrapper\">\n\t\t\t\t\t\t<div class=\"article-inner\">\n\n\t\t\t\t\t\t\t<div class=\"media\">\n\t\t\t\t\t\t\t\t\t\t\t\t\t\t\t\t\t<a href=\"https:\/\/baserrikoa.eus\/es\/semana-ecologica-debabarrena-2018\/\">\n\t\t\t\t\t\t\t\t\t\t<img decoding=\"async\" src=\"https:\/\/baserrikoa.eus\/wp-content\/uploads\/Optimized-20160927_092825-370x270.jpg\"\n\t\t\t\t\t\t\t\t\t\t     alt=\"Semana Ecol\u00f3gica de Debabarrena\"\n\t\t\t\t\t\t\t\t\t\t     title=\"Semana Ecol\u00f3gica de Debabarrena\"\/>\n\t\t\t\t\t\t\t\t\t<\/a>\n\t\t\t\t\t\t\t\t\t\t\t\t\t\t\t<\/div>\n\n\t\t\t\t\t\t\t<div class=\"post-content\">\n\t\t\t\t\t\t\t\t<a href=\"https:\/\/baserrikoa.eus\/es\/semana-ecologica-debabarrena-2018\/\"\n\t\t\t\t\t\t\t\t   class=\"article-title\"><h3\n\t\t\t\t\t\t\t\t\t\tclass=\"title\">Semana Ecol\u00f3gica de Debabarrena<\/h3><\/a>\n\t\t\t\t\t\t\t\t\t\t\t\t\t\t\t\t<div class=\"thim-post-content\">\n\t\t\t\t\t\t\t\t\t<p>La VII Semana Ecol\u00f3gica de Debabarrena se desarrollar\u00e1 entre el 30de Septiembre y el 7 de octubre<\/p>\n\t\t\t\t\t\t\t\t<\/div>\n\t\t\t\t\t\t\t<\/div>\n\t\t\t\t\t\t\t<a href=\"https:\/\/baserrikoa.eus\/es\/semana-ecologica-debabarrena-2018\/\"\n\t\t\t\t\t\t\t   class=\"thim-button readmore style7\">Leer m\u00e1s<\/a>\n\t\t\t\t\t\t<\/div>\n\t\t\t\t\t<\/div>\n\t\t\t\t<\/div>\n\t\t\t\t<\/div>\t\t<\/div>\n\t<\/div>\n\t<\/div><\/div><\/div><\/div><\/div><\/div>","protected":false},"excerpt":{"rendered":"<p>Consume frescolocal y de temporada BASERRIKOA DEBABARRENABASERRIKOA Debabarrena es una iniciativa puesta en marcha en el a\u00f1o 2012 por la Asociaci\u00f3n de Desarrollo Rural de Debabarrena, DEBEMEN con el apoyo de los ayuntamientos de la comarca y de la Diputaci\u00f3n Foral de Gipuzkoa.LEER M\u00c1S Ferias y MercadosEskualdeko eta Debabarreneko herrietako [&hellip;]<\/p>\n","protected":false},"author":1,"featured_media":0,"parent":0,"menu_order":1,"comment_status":"closed","ping_status":"closed","template":"page-templates\/homepage.php","meta":{"footnotes":""},"class_list":["post-162","page","type-page","status-publish","hentry"],"_links":{"self":[{"href":"https:\/\/baserrikoa.eus\/es\/wp-json\/wp\/v2\/pages\/162","targetHints":{"allow":["GET"]}}],"collection":[{"href":"https:\/\/baserrikoa.eus\/es\/wp-json\/wp\/v2\/pages"}],"about":[{"href":"https:\/\/baserrikoa.eus\/es\/wp-json\/wp\/v2\/types\/page"}],"author":[{"embeddable":true,"href":"https:\/\/baserrikoa.eus\/es\/wp-json\/wp\/v2\/users\/1"}],"replies":[{"embeddable":true,"href":"https:\/\/baserrikoa.eus\/es\/wp-json\/wp\/v2\/comments?post=162"}],"version-history":[{"count":415,"href":"https:\/\/baserrikoa.eus\/es\/wp-json\/wp\/v2\/pages\/162\/revisions"}],"predecessor-version":[{"id":8897,"href":"https:\/\/baserrikoa.eus\/es\/wp-json\/wp\/v2\/pages\/162\/revisions\/8897"}],"wp:attachment":[{"href":"https:\/\/baserrikoa.eus\/es\/wp-json\/wp\/v2\/media?parent=162"}],"curies":[{"name":"wp","href":"https:\/\/api.w.org\/{rel}","templated":true}]}}