{"id":5936,"date":"2017-11-20T18:51:55","date_gmt":"2017-11-20T17:51:55","guid":{"rendered":"http:\/\/baserrikoa.eus\/?page_id=5936"},"modified":"2018-02-24T12:13:30","modified_gmt":"2018-02-24T11:13:30","slug":"deba","status":"publish","type":"page","link":"https:\/\/baserrikoa.eus\/es\/mercados-y-venta-directa\/mercados-ordinarios\/deba\/","title":{"rendered":"Deba"},"content":{"rendered":"<div id=\"pl-5936\"  class=\"panel-layout\" ><div id=\"pg-5936-0\"  class=\"panel-grid panel-has-style\" ><div class=\"thim-bg-tile panel-row-style panel-row-style-for-5936-0\" ><div id=\"pgc-5936-0-0\"  class=\"panel-grid-cell\" ><div id=\"panel-5936-0-0-0\" class=\"so-panel widget widget_sow-editor panel-first-child\" data-index=\"0\" ><div\n\t\t\t\n\t\t\tclass=\"so-widget-sow-editor so-widget-sow-editor-base\"\n\t\t\t\n\t\t>\n<div class=\"siteorigin-widget-tinymce textwidget\">\n\t<h3 style=\"font-weight: 400; margin-bottom: 15px;\">Fecha<\/h3>\n<p>Todos los d\u00edas en la plaza del mercado.<br \/>\nMartes y s\u00e1bados en el paseo cubierto junto a la plaza de los gudaris.<\/p>\n<h3 style=\"font-weight: 400; margin: 25px 0 15px;\">Horario<\/h3>\n<p>Por la ma\u00f1ana.<\/p>\n<h3 style=\"font-weight: 400; margin: 25px 0 15px;\">Descripci\u00f3n<\/h3>\n<p>Los martes en el paseo cubierto asiste el caser\u00edo Doniene y los s\u00e1bados adem\u00e1s de Doniene tambi\u00e9n acuden al paseo cubierto Kortaberri y Arrasketa.<\/p>\n<h3 style=\"font-weight: 400; margin: 25px 0 0 0;\">Ubicaci\u00f3n<\/h3>\n<\/div>\n<\/div><\/div><div id=\"panel-5936-0-0-1\" class=\"so-panel widget widget_siteorigin-panels-builder panel-last-child\" data-index=\"1\" ><div id=\"pl-w5a8ae38d58276\"  class=\"panel-layout\" ><div id=\"pg-w5a8ae38d58276-0\"  class=\"panel-grid panel-has-style\" ><div class=\"thim-bg-tile panel-row-style panel-row-style-for-w5a8ae38d58276-0\" ><div id=\"pgc-w5a8ae38d58276-0-0\"  class=\"panel-grid-cell\" ><div id=\"panel-w5a8ae38d58276-0-0-0\" class=\"so-panel widget widget_sow-editor panel-first-child\" data-index=\"0\" ><div\n\t\t\t\n\t\t\tclass=\"so-widget-sow-editor so-widget-sow-editor-base\"\n\t\t\t\n\t\t>\n<div class=\"siteorigin-widget-tinymce textwidget\">\n\t<h4 style=\"font-weight: 400;\">Paseo Cubierto<\/h4>\n<p>Se encuentra junto a la plaza de los gudaris situada a 100 metros del ayuntamiento.<\/p>\n<\/div>\n<\/div><\/div><div id=\"panel-w5a8ae38d58276-0-0-1\" class=\"so-panel widget widget_sow-google-map panel-last-child\" data-index=\"1\" ><div class=\"panel-widget-style panel-widget-style-for-w5a8ae38d58276-0-0-1\" ><div\n\t\t\t\n\t\t\tclass=\"so-widget-sow-google-map so-widget-sow-google-map-default-6b23895f316e\"\n\t\t\t\n\t\t>\n<div class=\"sow-google-map-canvas\"\n\tstyle=\"\"\n\tid=\"map-canvas-f98d6deec391f9b92bdd0f69fb38fa0b\"\n\tdata-options=\"{&quot;address&quot;:&quot;43.294740, -2.355189&quot;,&quot;zoom&quot;:17,&quot;mobileZoom&quot;:17,&quot;gestureHandling&quot;:&quot;cooperative&quot;,&quot;disableUi&quot;:false,&quot;markerIcon&quot;:false,&quot;markersDraggable&quot;:false,&quot;markerAtCenter&quot;:true,&quot;markerInfoDisplay&quot;:&quot;click&quot;,&quot;markerInfoMultiple&quot;:true,&quot;markerPositions&quot;:false,&quot;mapName&quot;:false,&quot;mapStyles&quot;:false,&quot;directions&quot;:&quot;&quot;,&quot;apiKey&quot;:&quot;AIzaSyCmUhKUJ9tBbSBVrZmiSHyt2HEBw2KG11w&quot;,&quot;breakpoint&quot;:780,&quot;id&quot;:&quot;6a045e&quot;}\"\n\tdata-fallback-image=\"{&quot;img&quot;:&quot;&quot;}\"><\/div>\n<\/div><\/div><\/div><\/div><div id=\"pgc-w5a8ae38d58276-0-1\"  class=\"panel-grid-cell\" ><div id=\"panel-w5a8ae38d58276-0-1-0\" class=\"so-panel widget widget_sow-editor panel-first-child\" data-index=\"2\" ><div\n\t\t\t\n\t\t\tclass=\"so-widget-sow-editor so-widget-sow-editor-base\"\n\t\t\t\n\t\t>\n<div class=\"siteorigin-widget-tinymce textwidget\">\n\t<h4 style=\"font-weight: 400;\">Plaza del Mercado<\/h4>\n<p>En los bajos del edificio que est\u00e1 entre las calles Astillero y Angulero.<\/p>\n<\/div>\n<\/div><\/div><div id=\"panel-w5a8ae38d58276-0-1-1\" class=\"so-panel widget widget_sow-google-map panel-last-child\" data-index=\"3\" ><div class=\"panel-widget-style panel-widget-style-for-w5a8ae38d58276-0-1-1\" ><div\n\t\t\t\n\t\t\tclass=\"so-widget-sow-google-map so-widget-sow-google-map-default-6b23895f316e\"\n\t\t\t\n\t\t>\n<div class=\"sow-google-map-canvas\"\n\tstyle=\"\"\n\tid=\"map-canvas-7844dbf09e72896157d81b6dcc5925c5\"\n\tdata-options=\"{&quot;address&quot;:&quot;43.292558, -2.355344&quot;,&quot;zoom&quot;:17,&quot;mobileZoom&quot;:17,&quot;gestureHandling&quot;:&quot;cooperative&quot;,&quot;disableUi&quot;:false,&quot;markerIcon&quot;:false,&quot;markersDraggable&quot;:false,&quot;markerAtCenter&quot;:true,&quot;markerInfoDisplay&quot;:&quot;click&quot;,&quot;markerInfoMultiple&quot;:true,&quot;markerPositions&quot;:false,&quot;mapName&quot;:false,&quot;mapStyles&quot;:false,&quot;directions&quot;:&quot;&quot;,&quot;apiKey&quot;:&quot;AIzaSyCmUhKUJ9tBbSBVrZmiSHyt2HEBw2KG11w&quot;,&quot;breakpoint&quot;:780,&quot;id&quot;:&quot;6a045e&quot;}\"\n\tdata-fallback-image=\"{&quot;img&quot;:&quot;&quot;}\"><\/div>\n<\/div><\/div><\/div><\/div><\/div><\/div><\/div><\/div><\/div><div id=\"pgc-5936-0-1\"  class=\"panel-grid-cell\" ><div id=\"panel-5936-0-1-0\" class=\"so-panel widget widget_nav_menu panel-first-child panel-last-child\" data-index=\"2\" ><h3 class=\"widget-title\">Mercados Ordinarios<\/h3><div class=\" megaWrapper\"><ul id=\"menu-menu-mercados-ordinarios-esp\" class=\"menu\"><li  class=\"menu-item menu-item-type-post_type menu-item-object-page drop_to_right standard\"><a href=\"https:\/\/baserrikoa.eus\/es\/mercados-y-venta-directa\/mercados-ordinarios\/deba\/\"><span>Deba<\/span><\/a><\/li>\n<li  class=\"menu-item menu-item-type-post_type menu-item-object-page drop_to_right standard\"><a href=\"https:\/\/baserrikoa.eus\/es\/mercados-y-venta-directa\/mercados-ordinarios\/eibar\/\"><span>Eibar<\/span><\/a><\/li>\n<li  class=\"menu-item menu-item-type-post_type menu-item-object-page drop_to_right standard\"><a href=\"https:\/\/baserrikoa.eus\/es\/mercados-y-venta-directa\/mercados-ordinarios\/elgoibar\/\"><span>Elgoibar<\/span><\/a><\/li>\n<li  class=\"menu-item menu-item-type-post_type menu-item-object-page drop_to_right standard\"><a href=\"https:\/\/baserrikoa.eus\/es\/mercados-y-venta-directa\/mercados-ordinarios\/mutriku\/\"><span>Mutriku<\/span><\/a><\/li>\n<li  class=\"menu-item menu-item-type-post_type menu-item-object-page drop_to_right standard\"><a href=\"https:\/\/baserrikoa.eus\/es\/mercados-y-venta-directa\/mercados-ordinarios\/soraluze\/\"><span>Soraluze<\/span><\/a><\/li>\n<\/ul><\/div><\/div><\/div><\/div><\/div><\/div>","protected":false},"excerpt":{"rendered":"<p>La plaza de mercado de Deba abre todos los d\u00edas.<\/p>\n","protected":false},"author":1,"featured_media":7092,"parent":5926,"menu_order":1,"comment_status":"closed","ping_status":"closed","template":"","meta":{"footnotes":""},"class_list":["post-5936","page","type-page","status-publish","has-post-thumbnail","hentry"],"_links":{"self":[{"href":"https:\/\/baserrikoa.eus\/es\/wp-json\/wp\/v2\/pages\/5936","targetHints":{"allow":["GET"]}}],"collection":[{"href":"https:\/\/baserrikoa.eus\/es\/wp-json\/wp\/v2\/pages"}],"about":[{"href":"https:\/\/baserrikoa.eus\/es\/wp-json\/wp\/v2\/types\/page"}],"author":[{"embeddable":true,"href":"https:\/\/baserrikoa.eus\/es\/wp-json\/wp\/v2\/users\/1"}],"replies":[{"embeddable":true,"href":"https:\/\/baserrikoa.eus\/es\/wp-json\/wp\/v2\/comments?post=5936"}],"version-history":[{"count":75,"href":"https:\/\/baserrikoa.eus\/es\/wp-json\/wp\/v2\/pages\/5936\/revisions"}],"predecessor-version":[{"id":7107,"href":"https:\/\/baserrikoa.eus\/es\/wp-json\/wp\/v2\/pages\/5936\/revisions\/7107"}],"up":[{"embeddable":true,"href":"https:\/\/baserrikoa.eus\/es\/wp-json\/wp\/v2\/pages\/5926"}],"wp:featuredmedia":[{"embeddable":true,"href":"https:\/\/baserrikoa.eus\/es\/wp-json\/wp\/v2\/media\/7092"}],"wp:attachment":[{"href":"https:\/\/baserrikoa.eus\/es\/wp-json\/wp\/v2\/media?parent=5936"}],"curies":[{"name":"wp","href":"https:\/\/api.w.org\/{rel}","templated":true}]}}