{"id":6203,"date":"2017-12-27T18:01:37","date_gmt":"2017-12-27T17:01:37","guid":{"rendered":"http:\/\/baserrikoa.eus\/?page_id=6203"},"modified":"2018-09-21T10:46:51","modified_gmt":"2018-09-21T08:46:51","slug":"que-es-baserrikoa-debabarrena","status":"publish","type":"page","link":"https:\/\/baserrikoa.eus\/es\/que-es-baserrikoa-debabarrena\/","title":{"rendered":"Baserrikoa"},"content":{"rendered":"<div id=\"pl-6203\"  class=\"panel-layout\" ><div id=\"pg-6203-0\"  class=\"panel-grid panel-has-style\" ><div class=\"thim-bg-tile panel-row-style panel-row-style-for-6203-0\" ><div id=\"pgc-6203-0-0\"  class=\"panel-grid-cell\" ><div id=\"panel-6203-0-0-0\" class=\"so-panel widget widget_sow-editor panel-first-child\" data-index=\"0\" ><div class=\"panel-widget-style panel-widget-style-for-6203-0-0-0\" ><div\n\t\t\t\n\t\t\tclass=\"so-widget-sow-editor so-widget-sow-editor-base\"\n\t\t\t\n\t\t>\n<div class=\"siteorigin-widget-tinymce textwidget\">\n\t<p>BASERRIKOA Debabarrena es una iniciativa puesta en marcha por la <strong>Asociaci\u00f3n de desarrollo rural de Debabarrena<\/strong>, <a href=\"http:\/\/debemen.eus\/\" target=\"_blank\">DEBEMEN<\/a>, con el apoyo de los ayuntamientos de la comarca y de la Diputaci\u00f3n Foral de Gipuzkoa. Su objetivo es socializar y sensibilizar sobre los productos del caser\u00edo y el medio rural.<\/p>\n<\/div>\n<\/div><\/div><\/div><div id=\"panel-6203-0-0-1\" class=\"so-panel widget widget_single-image\" data-index=\"1\" ><div class=\"panel-widget-style panel-widget-style-for-6203-0-0-1\" ><div class=\"thim-widget-single-image thim-widget-single-image-base\">\n<div class=\"thim-single-image thim_layout_special no-effect\">\n\t<div class=\"wrapper-image\"><div class=\"single-image center\"><img style=\"height:px;\" src =\"https:\/\/baserrikoa.eus\/wp-content\/uploads\/logo-manteni.png\" width=\"full\" height=\"\" alt= \"Baserrikoa\" \/><\/div><\/div><\/div>\n<\/div><\/div><\/div><div id=\"panel-6203-0-0-2\" class=\"so-panel widget widget_sow-editor\" data-index=\"2\" ><div class=\"panel-widget-style panel-widget-style-for-6203-0-0-2\" ><div\n\t\t\t\n\t\t\tclass=\"so-widget-sow-editor so-widget-sow-editor-base\"\n\t\t\t\n\t\t>\n<div class=\"siteorigin-widget-tinymce textwidget\">\n\t<p>A lo largo de estos a\u00f1os, se han realizado multitud de actividades, algunas de ellas orientadas a otorgar una imagen unificada a los establecimientos. Tambi\u00e9n se han desarrollado acciones de sensibilizaci\u00f3n en los mercados con el objetivo de socializar los beneficios que aporta el producto local y de temporada.<\/p>\n<p>Fusionando estas dos l\u00edneas de actuaci\u00f3n, en 2016 se empez\u00f3 a trabajar una nueva estrategia en colaboraci\u00f3n con los\/las comerciantes de la comarca. A ra\u00edz de esa colaboraci\u00f3n se cre\u00f3 el distintivo \u201cBaserrikoa\u201d, para facilitar la identificaci\u00f3n de los\/las productores\/as de la comarca, los puntos de venta y los productos que ofrecen.<\/p>\n<p>Con esta iniciativa, Debemen busca poner en valor los productos del caser\u00edo, mejorando la identificaci\u00f3n en los peque\u00f1os comercios de la comarca y, al mismo tiempo, impulsar el comercio local apoyando las iniciativas de productores\/as, comerciantes y consumidores\/as.<\/p>\n<p>El distintivo \u201cBaserrikoa\u201d se puede encontrar en mercados y ferias, pero tambi\u00e9n en las cestas de grupos de consumo, en la venta a domicilio, en caser\u00edos\u2026 y tambi\u00e9n en venta online.<\/p>\n<\/div>\n<\/div><\/div><\/div><div id=\"panel-6203-0-0-3\" class=\"so-panel widget widget_heading\" data-index=\"3\" ><div class=\"panel-widget-style panel-widget-style-for-6203-0-0-3\" ><div class=\"thim-widget-heading thim-widget-heading-base\"><div class=\"thim-heading text-left \"><div class=\"sc-heading article_heading \" style=\";\"><h3 class=\"heading__primary wrapper-line-heading\"><span><\/span><span class=\"title-text\"><span>NUESTROS MERCADOS<\/span> OFRECEN<\/span><span><\/span><\/h3><span class=\"line-heading\"  style=\"border-color: \"><\/span><\/div><\/div><\/div><\/div><\/div><div id=\"panel-6203-0-0-4\" class=\"so-panel widget widget_sow-editor\" data-index=\"4\" ><div class=\"panel-widget-style panel-widget-style-for-6203-0-0-4\" ><div\n\t\t\t\n\t\t\tclass=\"so-widget-sow-editor so-widget-sow-editor-base\"\n\t\t\t\n\t\t>\n<div class=\"siteorigin-widget-tinymce textwidget\">\n\t<ul>\n<li>Un punto de encuentro entre los baserritarras y los consumidores.<\/li>\n<li>Una oportunidad inigualable para comprar producto local, fresco y de temporada.<\/li>\n<li>Una oportunidad para participar en el mantenimiento de nuestro medio rural.<\/li>\n<li>Una oportunidad de ser participe y comprender nuestra cultura de forma activa.<\/li>\n<li>Una oportunidad de aprender sobre alimentaci\u00f3n y agricultura.<\/li>\n<li>Una oportunidad para impulsar la econom\u00eda local.<\/li>\n<\/ul>\n<\/div>\n<\/div><\/div><\/div><div id=\"panel-6203-0-0-5\" class=\"so-panel widget widget_heading panel-last-child\" data-index=\"5\" ><div class=\"panel-widget-style panel-widget-style-for-6203-0-0-5\" ><div class=\"thim-widget-heading thim-widget-heading-base\"><div class=\"thim-heading text-center \"><div class=\"sc-heading article_heading \" style=\"padding: 45px;\"><h3 style=\"color:#9aca42;font-size:32px;font-weight:normal;font-style:italic;\" class=\"heading__primary\"><span><\/span><span class=\"title-text\">Los agricultores gestionan el 80% de la superficie de nuestro territorio<\/span><span><\/span><\/h3><\/div><\/div><\/div><\/div><\/div><\/div><div id=\"pgc-6203-0-1\"  class=\"panel-grid-cell\" ><div id=\"panel-6203-0-1-0\" class=\"so-panel widget widget_single-image panel-first-child\" data-index=\"6\" ><div class=\"thim-widget-single-image thim-widget-single-image-base\">\n<div class=\"thim-single-image thim_layout_normal no-effect\">\n\t<div class=\"wrapper-image\"><div class=\"single-image left\"><a target=\"_blank\" href=\"https:\/\/baserrikoa.eus\/wp-content\/uploads\/baserrikoa-diptikoa.pdf\"><img style=\"height:px;\" src =\"https:\/\/baserrikoa.eus\/wp-content\/uploads\/baserrikoa-diptikoa.jpg\" width=\"large\" height=\"\" alt= \"Baserrikoa\" \/><\/a><\/div><\/div><\/div>\n<\/div><\/div><div id=\"panel-6203-0-1-1\" class=\"so-panel widget widget_single-image\" data-index=\"7\" ><div class=\"panel-widget-style panel-widget-style-for-6203-0-1-1\" ><div class=\"thim-widget-single-image thim-widget-single-image-base\">\n<div class=\"thim-single-image thim_layout_normal no-effect\">\n\t<div class=\"wrapper-image\"><div class=\"single-image left\"><a target=\"_blank\" href=\"https:\/\/baserrikoa.eus\/wp-content\/uploads\/sasoikoa-egutegia.pdf\"><img style=\"height:px;\" src =\"https:\/\/baserrikoa.eus\/wp-content\/uploads\/sasoiko-barazkiak-eskura.jpg\" width=\"large\" height=\"\" alt= \"Baserrikoa\" \/><\/a><\/div><\/div><\/div>\n<\/div><\/div><\/div><div id=\"panel-6203-0-1-2\" class=\"so-panel widget widget_single-image panel-last-child\" data-index=\"8\" ><div class=\"thim-widget-single-image thim-widget-single-image-base\">\n<div class=\"thim-single-image thim_layout_normal no-effect\">\n\t<div class=\"wrapper-image\"><div class=\"single-image left\"><a target=\"_blank\" href=\"https:\/\/baserrikoa.eus\/wp-content\/uploads\/azokak-2018.pdf\"><img style=\"height:px;\" src =\"https:\/\/baserrikoa.eus\/wp-content\/uploads\/azokak-ferias-2018.jpg\" width=\"large\" height=\"\" alt= \"Baserrikoa\" \/><\/a><\/div><\/div><\/div>\n<\/div><\/div><\/div><\/div><\/div><\/div>","protected":false},"excerpt":{"rendered":"<p>BASERRIKOA Debabarrena es una iniciativa puesta en marcha por la Asociaci\u00f3n de desarrollo rural de Debabarrena, DEBEMEN, con el apoyo de los ayuntamientos de la comarca y de la Diputaci\u00f3n Foral de Gipuzkoa. Su objetivo es socializar y sensibilizar sobre los productos del caser\u00edo y el medio rural. A lo [&hellip;]<\/p>\n","protected":false},"author":1,"featured_media":0,"parent":0,"menu_order":2,"comment_status":"closed","ping_status":"closed","template":"","meta":{"footnotes":""},"class_list":["post-6203","page","type-page","status-publish","hentry"],"_links":{"self":[{"href":"https:\/\/baserrikoa.eus\/es\/wp-json\/wp\/v2\/pages\/6203","targetHints":{"allow":["GET"]}}],"collection":[{"href":"https:\/\/baserrikoa.eus\/es\/wp-json\/wp\/v2\/pages"}],"about":[{"href":"https:\/\/baserrikoa.eus\/es\/wp-json\/wp\/v2\/types\/page"}],"author":[{"embeddable":true,"href":"https:\/\/baserrikoa.eus\/es\/wp-json\/wp\/v2\/users\/1"}],"replies":[{"embeddable":true,"href":"https:\/\/baserrikoa.eus\/es\/wp-json\/wp\/v2\/comments?post=6203"}],"version-history":[{"count":71,"href":"https:\/\/baserrikoa.eus\/es\/wp-json\/wp\/v2\/pages\/6203\/revisions"}],"predecessor-version":[{"id":7624,"href":"https:\/\/baserrikoa.eus\/es\/wp-json\/wp\/v2\/pages\/6203\/revisions\/7624"}],"wp:attachment":[{"href":"https:\/\/baserrikoa.eus\/es\/wp-json\/wp\/v2\/media?parent=6203"}],"curies":[{"name":"wp","href":"https:\/\/api.w.org\/{rel}","templated":true}]}}