{"id":6235,"date":"2017-12-27T18:50:36","date_gmt":"2017-12-27T17:50:36","guid":{"rendered":"http:\/\/baserrikoa.eus\/?page_id=6235"},"modified":"2018-04-18T11:25:40","modified_gmt":"2018-04-18T09:25:40","slug":"elgoibar","status":"publish","type":"page","link":"https:\/\/baserrikoa.eus\/es\/mercados-y-venta-directa\/mercados-ordinarios\/elgoibar\/","title":{"rendered":"Elgoibar"},"content":{"rendered":"<div id=\"pl-6235\"  class=\"panel-layout\" ><div id=\"pg-6235-0\"  class=\"panel-grid panel-has-style\" ><div class=\"thim-bg-tile panel-row-style panel-row-style-for-6235-0\" ><div id=\"pgc-6235-0-0\"  class=\"panel-grid-cell\" ><div id=\"panel-6235-0-0-0\" class=\"so-panel widget widget_sow-editor panel-first-child\" data-index=\"0\" ><div\n\t\t\t\n\t\t\tclass=\"so-widget-sow-editor so-widget-sow-editor-base\"\n\t\t\t\n\t\t>\n<div class=\"siteorigin-widget-tinymce textwidget\">\n\t<h3 style=\"font-weight: 400; margin-bottom: 15px;\">Fecha<\/h3>\n<p>Todos los jueves en la plaza del mercado.<\/p>\n<h3 style=\"font-weight: 400; margin: 25px 0 15px;\">Horario<\/h3>\n<p>De 08:00 a 14:00 todo el a\u00f1o.<\/p>\n<h3 style=\"font-weight: 400; margin: 25px 0 15px;\">Descripci\u00f3n<\/h3>\n<p>En la plaza del mercado de Elgoibar, todos los jueves, prevalecen los productos de caser\u00edo aunque tambi\u00e9n podemos encontrar flores y plantas. Adem\u00e1s de los productores locales de Elgoibar tambi\u00e9n encontraremos productores del entorno.<\/p>\n<h3 style=\"font-weight: 400; margin: 25px 0 0 0;\">Ubicaci\u00f3n<\/h3>\n<\/div>\n<\/div><\/div><div id=\"panel-6235-0-0-1\" class=\"so-panel widget widget_sow-google-map panel-last-child\" data-index=\"1\" ><div\n\t\t\t\n\t\t\tclass=\"so-widget-sow-google-map so-widget-sow-google-map-default-6b23895f316e-6235\"\n\t\t\t\n\t\t>\n<div class=\"sow-google-map-canvas\"\n\tstyle=\"\"\n\tid=\"map-canvas-f9dbee62355367d466794c7fbd6f4dcd\"\n\tdata-options=\"{&quot;address&quot;:&quot;Kalebarren Plaza, 2, 20870 Elgoibar, Gipuzkoa&quot;,&quot;zoom&quot;:17,&quot;mobileZoom&quot;:17,&quot;gestureHandling&quot;:&quot;greedy&quot;,&quot;disableUi&quot;:false,&quot;markerIcon&quot;:false,&quot;markersDraggable&quot;:false,&quot;markerAtCenter&quot;:true,&quot;markerInfoDisplay&quot;:&quot;click&quot;,&quot;markerInfoMultiple&quot;:true,&quot;markerPositions&quot;:false,&quot;mapName&quot;:false,&quot;mapStyles&quot;:false,&quot;directions&quot;:&quot;&quot;,&quot;apiKey&quot;:&quot;AIzaSyCmUhKUJ9tBbSBVrZmiSHyt2HEBw2KG11w&quot;,&quot;breakpoint&quot;:780,&quot;id&quot;:&quot;69d78f&quot;}\"\n\tdata-fallback-image=\"{&quot;img&quot;:&quot;&quot;}\"><\/div>\n<\/div><\/div><\/div><div id=\"pgc-6235-0-1\"  class=\"panel-grid-cell\" ><div id=\"panel-6235-0-1-0\" class=\"so-panel widget widget_nav_menu panel-first-child panel-last-child\" data-index=\"2\" ><h3 class=\"widget-title\">Mercados Ordinarios<\/h3><div class=\" megaWrapper\"><ul id=\"menu-menu-mercados-ordinarios-esp\" class=\"menu\"><li  class=\"menu-item menu-item-type-post_type menu-item-object-page drop_to_right standard\"><a href=\"https:\/\/baserrikoa.eus\/es\/mercados-y-venta-directa\/mercados-ordinarios\/deba\/\"><span>Deba<\/span><\/a><\/li>\n<li  class=\"menu-item menu-item-type-post_type menu-item-object-page drop_to_right standard\"><a href=\"https:\/\/baserrikoa.eus\/es\/mercados-y-venta-directa\/mercados-ordinarios\/eibar\/\"><span>Eibar<\/span><\/a><\/li>\n<li  class=\"menu-item menu-item-type-post_type menu-item-object-page drop_to_right standard\"><a href=\"https:\/\/baserrikoa.eus\/es\/mercados-y-venta-directa\/mercados-ordinarios\/elgoibar\/\"><span>Elgoibar<\/span><\/a><\/li>\n<li  class=\"menu-item menu-item-type-post_type menu-item-object-page drop_to_right standard\"><a href=\"https:\/\/baserrikoa.eus\/es\/mercados-y-venta-directa\/mercados-ordinarios\/mutriku\/\"><span>Mutriku<\/span><\/a><\/li>\n<li  class=\"menu-item menu-item-type-post_type menu-item-object-page drop_to_right standard\"><a href=\"https:\/\/baserrikoa.eus\/es\/mercados-y-venta-directa\/mercados-ordinarios\/soraluze\/\"><span>Soraluze<\/span><\/a><\/li>\n<\/ul><\/div><\/div><\/div><\/div><\/div><\/div>","protected":false},"excerpt":{"rendered":"<p>Elgoibar celebra sus d\u00edas de plaza los jueves.<\/p>\n","protected":false},"author":1,"featured_media":10,"parent":5926,"menu_order":3,"comment_status":"closed","ping_status":"closed","template":"","meta":{"footnotes":""},"class_list":["post-6235","page","type-page","status-publish","has-post-thumbnail","hentry"],"_links":{"self":[{"href":"https:\/\/baserrikoa.eus\/es\/wp-json\/wp\/v2\/pages\/6235","targetHints":{"allow":["GET"]}}],"collection":[{"href":"https:\/\/baserrikoa.eus\/es\/wp-json\/wp\/v2\/pages"}],"about":[{"href":"https:\/\/baserrikoa.eus\/es\/wp-json\/wp\/v2\/types\/page"}],"author":[{"embeddable":true,"href":"https:\/\/baserrikoa.eus\/es\/wp-json\/wp\/v2\/users\/1"}],"replies":[{"embeddable":true,"href":"https:\/\/baserrikoa.eus\/es\/wp-json\/wp\/v2\/comments?post=6235"}],"version-history":[{"count":22,"href":"https:\/\/baserrikoa.eus\/es\/wp-json\/wp\/v2\/pages\/6235\/revisions"}],"predecessor-version":[{"id":7258,"href":"https:\/\/baserrikoa.eus\/es\/wp-json\/wp\/v2\/pages\/6235\/revisions\/7258"}],"up":[{"embeddable":true,"href":"https:\/\/baserrikoa.eus\/es\/wp-json\/wp\/v2\/pages\/5926"}],"wp:featuredmedia":[{"embeddable":true,"href":"https:\/\/baserrikoa.eus\/es\/wp-json\/wp\/v2\/media\/10"}],"wp:attachment":[{"href":"https:\/\/baserrikoa.eus\/es\/wp-json\/wp\/v2\/media?parent=6235"}],"curies":[{"name":"wp","href":"https:\/\/api.w.org\/{rel}","templated":true}]}}