{"id":6836,"date":"2018-01-01T10:00:09","date_gmt":"2018-01-01T09:00:09","guid":{"rendered":"http:\/\/baserrikoa.eus\/?page_id=6836"},"modified":"2018-09-25T13:21:10","modified_gmt":"2018-09-25T11:21:10","slug":"eibar","status":"publish","type":"page","link":"https:\/\/baserrikoa.eus\/es\/mercados-y-venta-directa\/mercados-extraordinarios\/eibar\/","title":{"rendered":"Eibar"},"content":{"rendered":"<div id=\"pl-6836\"  class=\"panel-layout\" ><div id=\"pg-6836-0\"  class=\"panel-grid panel-has-style\" ><div class=\"thim-bg-tile panel-row-style panel-row-style-for-6836-0\" ><div id=\"pgc-6836-0-0\"  class=\"panel-grid-cell\" ><div id=\"panel-6836-0-0-0\" class=\"so-panel widget widget_sow-editor panel-first-child panel-last-child\" data-index=\"0\" ><div\n\t\t\t\n\t\t\tclass=\"so-widget-sow-editor so-widget-sow-editor-base\"\n\t\t\t\n\t\t>\n<div class=\"siteorigin-widget-tinymce textwidget\">\n\t<h3 style=\"font-weight: 400; margin-bottom: 15px;\">Feria de Flores y Plantas<\/h3>\n<h4 style=\"font-weight: 400;\">FECHA:<\/h4>\n<p>3er s\u00e1bado de marzo<\/p>\n<h4 style=\"font-weight: 400; margin-top: 15px;\">HORARIO:<\/h4>\n<p>Por la ma\u00f1ana de 09:00 a 14:00 en la Plaza de Urkizu<br \/>\n*A las 11:30 Taller infantil de plantaci\u00f3n<\/p>\n<h4 style=\"font-weight: 400; margin-top: 15px;\">DESCRIPCI\u00d3N:<\/h4>\n<p>Exposici\u00f3n y venta de plantas y flores<\/p>\n<h3 style=\"font-weight: 400; margin-top: 40px;\">Feria de Euskal Jaia<\/h3>\n<h4 style=\"font-weight: 400;\">FECHA:<\/h4>\n<p>Ultimo s\u00e1bado de Mayo<\/p>\n<h4 style=\"font-weight: 400; margin-top: 15px;\">HORARIO:<\/h4>\n<p>Por la ma\u00f1ana<\/p>\n<h4 style=\"font-weight: 400; margin-top: 15px;\">DESCRIPCI\u00d3N:<\/h4>\n<p>Exposici\u00f3n y venta directa de productos de caser\u00edos eibarreses dentro de la semana de Euskal Jaiak de Eibar<\/p>\n<h3 style=\"font-weight: 400; margin-bottom: 15px; margin-top: 40px;\">Feria Ecol\u00f3gica<\/h3>\n<h4 style=\"font-weight: 400;\">FECHA:<\/h4>\n<p>Primer domingo de Octubre<\/p>\n<h4 style=\"font-weight: 400; margin-top: 15px;\">HORARIO:<\/h4>\n<p>Por la ma\u00f1ana de 10:00 a 14:00 en la Plaza de Unzaga<br \/>\n*Distintas actividades, tales como entrevistas para conocer a los\/as productores\/as, sorteos de cestas elaboradas con productos de la feria, etc.<\/p>\n<h4 style=\"font-weight: 400; margin-top: 15px;\">DESCRIPCI\u00d3N:<\/h4>\n<p>Venta de alimentos frescos, de temporada y ecol\u00f3gicos<\/p>\n<h3 style=\"font-weight: 400; margin-top: 40px;\">Feria de Quesos de Debabarrena<\/h3>\n<h4 style=\"font-weight: 400;\">FECHA:<\/h4>\n<p>3er domingo de Octubre<\/p>\n<h4 style=\"font-weight: 400; margin-top: 15px;\">HORARIO:<\/h4>\n<p>A partir de las 11 de la ma\u00f1ana en la Plaza de Unzaga<\/p>\n<h4 style=\"font-weight: 400; margin-top: 15px;\">DESCRIPCI\u00d3N:<\/h4>\n<p>Una oportunidad inmejorable para conocer de cerca los quesos elaborados en nuestra comarca as\u00ed como a los propios pastores adem\u00e1s de adquirir sus excelentes quesos.<\/p>\n<h3 style=\"font-weight: 400; margin-top: 40px;\">Feria de San Andr\u00e9s<\/h3>\n<h4 style=\"font-weight: 400;\">FECHA:<\/h4>\n<p>30 de noviembre<\/p>\n<h4 style=\"font-weight: 400; margin-top: 15px;\">HORARIO:<\/h4>\n<p>Por la ma\u00f1ana en todo el centro de la ciudad; Unzaga, Txaltxa-zelai, Ego-gain y Toribio Etxebarria<\/p>\n<h4 style=\"font-weight: 400; margin-top: 15px;\">DESCRIPCI\u00d3N:<\/h4>\n<p>La feria m\u00e1s importante del a\u00f1o en Eibar cuenta con concursos, exposici\u00f3n y venta de productos agr\u00edcolas y de ganader\u00eda<\/p>\n<\/div>\n<\/div><\/div><\/div><div id=\"pgc-6836-0-1\"  class=\"panel-grid-cell\" ><div id=\"panel-6836-0-1-0\" class=\"so-panel widget widget_nav_menu panel-first-child panel-last-child\" data-index=\"1\" ><h3 class=\"widget-title\">Mercados Extraordinarios<\/h3><div class=\" megaWrapper\"><ul id=\"menu-menu-mercados-extraordinarios-esp\" class=\"menu\"><li  class=\"menu-item menu-item-type-post_type menu-item-object-page drop_to_right standard\"><a href=\"https:\/\/baserrikoa.eus\/es\/mercados-y-venta-directa\/mercados-extraordinarios\/mutriku\/\"><span>Mutriku<\/span><\/a><\/li>\n<\/ul><\/div><\/div><\/div><\/div><\/div><\/div>","protected":false},"excerpt":{"rendered":"<p>Este es el espacio para a\u00f1adir un texto de introducci\u00f3n al apartado de los mercados extraordinarios de Eibar.<\/p>\n","protected":false},"author":1,"featured_media":7215,"parent":6225,"menu_order":2,"comment_status":"closed","ping_status":"closed","template":"","meta":{"footnotes":""},"class_list":["post-6836","page","type-page","status-publish","has-post-thumbnail","hentry"],"_links":{"self":[{"href":"https:\/\/baserrikoa.eus\/es\/wp-json\/wp\/v2\/pages\/6836","targetHints":{"allow":["GET"]}}],"collection":[{"href":"https:\/\/baserrikoa.eus\/es\/wp-json\/wp\/v2\/pages"}],"about":[{"href":"https:\/\/baserrikoa.eus\/es\/wp-json\/wp\/v2\/types\/page"}],"author":[{"embeddable":true,"href":"https:\/\/baserrikoa.eus\/es\/wp-json\/wp\/v2\/users\/1"}],"replies":[{"embeddable":true,"href":"https:\/\/baserrikoa.eus\/es\/wp-json\/wp\/v2\/comments?post=6836"}],"version-history":[{"count":17,"href":"https:\/\/baserrikoa.eus\/es\/wp-json\/wp\/v2\/pages\/6836\/revisions"}],"predecessor-version":[{"id":7683,"href":"https:\/\/baserrikoa.eus\/es\/wp-json\/wp\/v2\/pages\/6836\/revisions\/7683"}],"up":[{"embeddable":true,"href":"https:\/\/baserrikoa.eus\/es\/wp-json\/wp\/v2\/pages\/6225"}],"wp:featuredmedia":[{"embeddable":true,"href":"https:\/\/baserrikoa.eus\/es\/wp-json\/wp\/v2\/media\/7215"}],"wp:attachment":[{"href":"https:\/\/baserrikoa.eus\/es\/wp-json\/wp\/v2\/media?parent=6836"}],"curies":[{"name":"wp","href":"https:\/\/api.w.org\/{rel}","templated":true}]}}