{"id":6993,"date":"2018-02-16T18:01:44","date_gmt":"2018-02-16T17:01:44","guid":{"rendered":"http:\/\/baserrikoa.eus\/?page_id=6993"},"modified":"2018-02-16T18:13:52","modified_gmt":"2018-02-16T17:13:52","slug":"politica-de-privacidad","status":"publish","type":"page","link":"https:\/\/baserrikoa.eus\/es\/politica-de-privacidad\/","title":{"rendered":"Pol\u00edtica de privacidad"},"content":{"rendered":"<div id=\"pl-6993\"  class=\"panel-layout\" ><div id=\"pg-6993-0\"  class=\"panel-grid panel-has-style\" ><div class=\"thim-bg-tile panel-row-style panel-row-style-for-6993-0\" ><div id=\"pgc-6993-0-0\"  class=\"panel-grid-cell\" ><div id=\"panel-6993-0-0-0\" class=\"so-panel widget widget_text panel-first-child\" data-index=\"0\" >\t\t\t<div class=\"textwidget\"><p>De acuerdo con lo establecido por la Ley Org\u00e1nica 15\/1999 de Protecci\u00f3n de Datos de Car\u00e1cter Personal (LOPD) le informamos que los datos facilitados en este formulario ser\u00e1n incorporados a un fichero automatizado bajo la responsabilidad de DEBEMEN con la finalidad de atender sus consultas y remitirle informaci\u00f3n relacionada que pueda ser de su inter\u00e9s.<\/p>\n<p>Puede ejercer sus derechos de acceso, rectificaci\u00f3n, cancelaci\u00f3n y oposici\u00f3n mediante un escrito a nuestra direcci\u00f3n Kalebarren plaza 1-2  20870, ELGOIBAR (GUIP\u00daZCOA).<\/p>\n<p>Mientras no nos comunique lo contrario, entenderemos que sus datos no han sido modificados, que usted se compromete a notificarnos cualquier variaci\u00f3n y que tenemos su consentimiento para utilizarlos para las finalidades mencionadas.<\/p>\n<p>El env\u00edo de estos datos implica la aceptaci\u00f3n de esta cl\u00e1usula.<\/p>\n<\/div>\n\t\t<\/div><div id=\"panel-6993-0-0-1\" class=\"so-panel widget widget_heading\" data-index=\"1\" ><div class=\"panel-widget-style panel-widget-style-for-6993-0-0-1\" ><div class=\"thim-widget-heading thim-widget-heading-base\"><div class=\"thim-heading text-left show_line\"><div class=\"sc-heading article_heading \" style=\";\"><h3 class=\"heading__primary\"><span><\/span><span class=\"title-text\">Pol\u00edtica de enlaces y exenciones de responsabilidad<\/span><span><\/span><\/h3><\/div><\/div><\/div><\/div><\/div><div id=\"panel-6993-0-0-2\" class=\"so-panel widget widget_text\" data-index=\"2\" >\t\t\t<div class=\"textwidget\"><p>DEBEMEN no se hace responsable del contenido de los sitios web a los que el usuario pueda acceder a trav\u00e9s de los enlaces establecidos en su sitio web y declara que en ning\u00fan caso proceder\u00e1 a examinar o ejercitar ning\u00fan tipo de control sobre el contenido de otros sitios de la red. Asimismo, tampoco garantizar\u00e1 la disponibilidad t\u00e9cnica, exactitud, veracidad, validez o legalidad de sitios ajenos a su propiedad a los que se pueda acceder por medio de los enlaces.<\/p>\n<p>DEBEMEN declara haber adoptado todas las medidas necesarias para evitar cualquier da\u00f1o a los usuarios de su sitio web, que pudieran derivarse de la navegaci\u00f3n por su sitio web. En consecuencia, DEBEMEN no se hace responsable, en ning\u00fan caso, de los eventuales da\u00f1os que por la navegaci\u00f3n por Internet pudiera sufrir el usuario.<\/p>\n<\/div>\n\t\t<\/div><div id=\"panel-6993-0-0-3\" class=\"so-panel widget widget_heading\" data-index=\"3\" ><div class=\"panel-widget-style panel-widget-style-for-6993-0-0-3\" ><div class=\"thim-widget-heading thim-widget-heading-base\"><div class=\"thim-heading text-left show_line\"><div class=\"sc-heading article_heading \" style=\";\"><h3 class=\"heading__primary\"><span><\/span><span class=\"title-text\">Modificaciones<\/span><span><\/span><\/h3><\/div><\/div><\/div><\/div><\/div><div id=\"panel-6993-0-0-4\" class=\"so-panel widget widget_text\" data-index=\"4\" >\t\t\t<div class=\"textwidget\"><p>DEBEMEN se reserva el derecho a realizar las modificaciones que considere oportunas, sin aviso previo, en el contenido de su sitio web. Tanto en lo referente a los contenidos del sitio web, como en las condiciones de uso del mismo. Dichas modificaciones podr\u00e1n realizarse a trav\u00e9s de su sitio web por cualquier forma admisible en derecho y ser\u00e1n de obligado cumplimiento durante el tiempo en que se encuentren publicadas en la web y hasta que no sean modificadas v\u00e1lidamente por otras posteriores.<\/p>\n<\/div>\n\t\t<\/div><div id=\"panel-6993-0-0-5\" class=\"so-panel widget widget_heading\" data-index=\"5\" ><div class=\"panel-widget-style panel-widget-style-for-6993-0-0-5\" ><div class=\"thim-widget-heading thim-widget-heading-base\"><div class=\"thim-heading text-left show_line\"><div class=\"sc-heading article_heading \" style=\";\"><h3 class=\"heading__primary\"><span><\/span><span class=\"title-text\">Propiedad intelectual e industrial<\/span><span><\/span><\/h3><\/div><\/div><\/div><\/div><\/div><div id=\"panel-6993-0-0-6\" class=\"so-panel widget widget_text\" data-index=\"6\" >\t\t\t<div class=\"textwidget\"><p>DEBEMEN por s\u00ed misma o como cesionaria, es titular de todos los derechos de propiedad intelectual e industrial de su p\u00e1gina web, as\u00ed como de los elementos contenidos en la misma (a t\u00edtulo enunciativo, im\u00e1genes, sonido, audio, v\u00eddeo, software o textos; marcas o logotipos, combinaciones de colores, estructura y dise\u00f1o, selecci\u00f3n de materiales usados, programas de ordenador necesarios para su funcionamiento, acceso y uso, etc.), titularidad de DEBEMEN.<br \/>\nSer\u00e1n, por consiguiente, obras protegidas como propiedad intelectual por el ordenamiento jur\u00eddico espa\u00f1ol, si\u00e9ndoles aplicables tanto la normativa espa\u00f1ola y comunitaria en este campo, como los tratados internacionales relativos a la materia y suscritos por Espa\u00f1a.<\/p>\n<p>Todos los derechos reservados. En virtud de lo dispuesto en los art\u00edculos 8 y 32.1, p\u00e1rrafo segundo, de la Ley de Propiedad Intelectual, quedan expresamente prohibidas la reproducci\u00f3n, la distribuci\u00f3n y la comunicaci\u00f3n p\u00fablica, incluida su modalidad de puesta a disposici\u00f3n, de la totalidad o parte de los contenidos de esta p\u00e1gina web, con fines comerciales, en cualquier soporte y por cualquier medio t\u00e9cnico, sin la autorizaci\u00f3n de DEBEMEN.<\/p>\n<p>El usuario se compromete a respetar los derechos de Propiedad Intelectual e Industrial titularidad de DEBEMEN. Podr\u00e1 visualizar los elementos del portal e incluso imprimirlos, copiarlos y almacenarlos en el disco duro de su ordenador o en cualquier otro soporte f\u00edsico siempre y cuando sea, \u00fanica y exclusivamente, para su uso personal y privado. El usuario deber\u00e1 abstenerse de suprimir, alterar, eludir o manipular cualquier dispositivo de protecci\u00f3n o sistema de seguridad que estuviera instalado en las p\u00e1ginas de BASERRIKOA.<\/p>\n<\/div>\n\t\t<\/div><div id=\"panel-6993-0-0-7\" class=\"so-panel widget widget_heading\" data-index=\"7\" ><div class=\"panel-widget-style panel-widget-style-for-6993-0-0-7\" ><div class=\"thim-widget-heading thim-widget-heading-base\"><div class=\"thim-heading text-left show_line\"><div class=\"sc-heading article_heading \" style=\";\"><h3 class=\"heading__primary\"><span><\/span><span class=\"title-text\">Acciones legales, legislaci\u00f3n aplicable y jurisdicci\u00f3n<\/span><span><\/span><\/h3><\/div><\/div><\/div><\/div><\/div><div id=\"panel-6993-0-0-8\" class=\"so-panel widget widget_text panel-last-child\" data-index=\"8\" >\t\t\t<div class=\"textwidget\"><p>DEBEMEN se reserva, asimismo, la facultad de presentar las acciones civiles o penales que considere oportunas por la utilizaci\u00f3n indebida de su sitio web y contenidos, o por el incumplimiento de las presentes condiciones.<\/p>\n<p>La relaci\u00f3n entre el usuario y el prestador se regir\u00e1 por la normativa vigente y de aplicaci\u00f3n en el territorio espa\u00f1ol. De surgir cualquier controversia las partes podr\u00e1n someter sus conflictos a arbitraje o acudir a la jurisdicci\u00f3n ordinaria cumpliendo con las normas sobre jurisdicci\u00f3n y competencia al respecto. DEBEMEN tiene su domicilio en GUIP\u00daZCOA, Espa\u00f1a.<\/p>\n<\/div>\n\t\t<\/div><\/div><\/div><\/div><\/div>","protected":false},"excerpt":{"rendered":"<p>De acuerdo con lo establecido por la Ley Org\u00e1nica 15\/1999 de Protecci\u00f3n de Datos de Car\u00e1cter Personal (LOPD) le informamos que los datos facilitados en este formulario ser\u00e1n incorporados a un fichero automatizado bajo la responsabilidad de DEBEMEN con la finalidad de atender sus consultas y remitirle informaci\u00f3n relacionada que [&hellip;]<\/p>\n","protected":false},"author":1,"featured_media":0,"parent":0,"menu_order":10,"comment_status":"closed","ping_status":"closed","template":"","meta":{"footnotes":""},"class_list":["post-6993","page","type-page","status-publish","hentry"],"_links":{"self":[{"href":"https:\/\/baserrikoa.eus\/es\/wp-json\/wp\/v2\/pages\/6993","targetHints":{"allow":["GET"]}}],"collection":[{"href":"https:\/\/baserrikoa.eus\/es\/wp-json\/wp\/v2\/pages"}],"about":[{"href":"https:\/\/baserrikoa.eus\/es\/wp-json\/wp\/v2\/types\/page"}],"author":[{"embeddable":true,"href":"https:\/\/baserrikoa.eus\/es\/wp-json\/wp\/v2\/users\/1"}],"replies":[{"embeddable":true,"href":"https:\/\/baserrikoa.eus\/es\/wp-json\/wp\/v2\/comments?post=6993"}],"version-history":[{"count":29,"href":"https:\/\/baserrikoa.eus\/es\/wp-json\/wp\/v2\/pages\/6993\/revisions"}],"predecessor-version":[{"id":7023,"href":"https:\/\/baserrikoa.eus\/es\/wp-json\/wp\/v2\/pages\/6993\/revisions\/7023"}],"wp:attachment":[{"href":"https:\/\/baserrikoa.eus\/es\/wp-json\/wp\/v2\/media?parent=6993"}],"curies":[{"name":"wp","href":"https:\/\/api.w.org\/{rel}","templated":true}]}}