{"id":7024,"date":"2018-02-16T18:15:03","date_gmt":"2018-02-16T17:15:03","guid":{"rendered":"http:\/\/baserrikoa.eus\/?page_id=7024"},"modified":"2018-02-16T19:02:27","modified_gmt":"2018-02-16T18:02:27","slug":"politica-de-cookies","status":"publish","type":"page","link":"https:\/\/baserrikoa.eus\/es\/politica-de-cookies\/","title":{"rendered":"Pol\u00edtica de cookies"},"content":{"rendered":"<div id=\"pl-7024\"  class=\"panel-layout\" ><div id=\"pg-7024-0\"  class=\"panel-grid panel-has-style\" ><div class=\"thim-bg-tile panel-row-style panel-row-style-for-7024-0\" ><div id=\"pgc-7024-0-0\"  class=\"panel-grid-cell\" ><div id=\"panel-7024-0-0-0\" class=\"so-panel widget widget_text panel-first-child\" data-index=\"0\" >\t\t\t<div class=\"textwidget\"><p>Una Cookie es un fichero que se descarga en su ordenador al acceder a determinadas p\u00e1ginas web. Las cookies permiten a una p\u00e1gina web, entre otras cosas, almacenar y recuperar informaci\u00f3n sobre los h\u00e1bitos de navegaci\u00f3n de un usuario o de su equipo y, dependiendo de la informaci\u00f3n que contenga y de la forma en que utilice su equipo, pueden utilizarse para reconocer al usuario.<\/p>\n<p>Las cookies son esenciales para el funcionamiento de internet, aportando innumerables ventajas en la prestaci\u00f3n de servicios interactivos, facilit\u00e1ndole la navegaci\u00f3n y usabilidad de nuestra web.<\/p>\n<p>La informaci\u00f3n que le proporcionamos a continuaci\u00f3n, le ayudar\u00e1 a comprender los diferentes tipos de cookies:<\/p>\n<\/div>\n\t\t<\/div><div id=\"panel-7024-0-0-1\" class=\"so-panel widget widget_heading\" data-index=\"1\" ><div class=\"panel-widget-style panel-widget-style-for-7024-0-0-1\" ><div class=\"thim-widget-heading thim-widget-heading-base\"><div class=\"thim-heading text-left show_line\"><div class=\"sc-heading article_heading \" style=\";\"><h4 class=\"heading__primary\"><span><\/span><span class=\"title-text\">Tipos de cookies<\/span><span><\/span><\/h4><\/div><\/div><\/div><\/div><\/div><div id=\"panel-7024-0-0-2\" class=\"so-panel widget widget_text\" data-index=\"2\" >\t\t\t<div class=\"textwidget\"><p><strong>Seg\u00fan la entidad que las gestiona<\/strong><\/p>\n<ul>\n<li><u>Cookies propias:<\/u> Son aquellas que se recaban por el propio editor para prestar el servicio solicitado por el usuario.<\/li>\n<li><u>Cookies de tercero:<\/u> Son aquellas que son recabadas y gestionadas por un tercero. estas no se pueden considerar propias.<\/li>\n<\/ul>\n<p><strong>Seg\u00fan el plazo de tiempo que permanecen activadas<\/strong><\/p>\n<ul>\n<li><u>Cookies de sesi\u00f3n:<\/u> Recaban datos mientras el usuario navega por la red con la finalidad de prestar el servicio solicitado.<\/li>\n<li><u>Cookies persistentes:<\/u> Se almacenan en el terminal y la informaci\u00f3n obtenida, ser\u00e1 utilizada por el responsable de la cookie con la finalidad de prestar el servicio solicitado.<\/li>\n<\/ul>\n<p><strong>Seg\u00fan su finalidad<\/strong><\/p>\n<ul>\n<li><u>Cookies t\u00e9cnicas:<\/u> Son las necesarias para la correcta navegaci\u00f3n por la web.<\/li>\n<li><u>Cookies de personalizaci\u00f3n:<\/u> Permiten al usuario las caracter\u00edsticas (idioma) para la navegaci\u00f3n por la website.<\/li>\n<li><u>Cookies de an\u00e1lisis:<\/u> Permiten al prestador el an\u00e1lisis vinculado a la navegaci\u00f3n realizada por el usuario, con la finalidad de llevar un seguimiento de uso de la p\u00e1gina web, asi como realizar estad\u00edsticas de los contenidos m\u00e1s visitados, n\u00famero de visitantes, etc.<\/li>\n<li><u>Cookies publicitarias:<\/u> Permiten al editor incluir en la web, espacios publicitarios, seg\u00fan el contenido de la propia web.<\/li>\n<li><u>Cookies en publicidad comportamental:<\/u> Permiten al editor incluir en la p\u00e1gina web espacios publicitarios seg\u00fan la informaci\u00f3n obtenida a trav\u00e9s de los h\u00e1bitos de navegaci\u00f3n del usuario.<\/li>\n<\/ul>\n<p>Seg\u00fan lo dispuesto en el art\u00edculo 22.2 de la Lay 34\/2002, de 11 de julio, de Servicios de la Sociedad de la informaci\u00f3n y de Comercio Electr\u00f3nico (LSSI-CE), DEBEMEN informa que este sitio web utiliza Cookies propias para recopilar informaci\u00f3n, con la finalidad de mejorar nuestros servicios.<\/p>\n<p>El usuario tiene la posibilidad de configurar su navegador, pudiendo, si as\u00ed lo desea, impedir que sean instaladas en su disco duro, aunque deber\u00e1 tener en cuenta que dicha acci\u00f3n podr\u00e1 ocasionar dificultades de navegaci\u00f3n en la p\u00e1gina web.<\/p>\n<\/div>\n\t\t<\/div><div id=\"panel-7024-0-0-3\" class=\"so-panel widget widget_heading\" data-index=\"3\" ><div class=\"panel-widget-style panel-widget-style-for-7024-0-0-3\" ><div class=\"thim-widget-heading thim-widget-heading-base\"><div class=\"thim-heading text-left show_line\"><div class=\"sc-heading article_heading \" style=\";\"><h4 class=\"heading__primary\"><span><\/span><span class=\"title-text\">Como configurar<\/span><span><\/span><\/h4><\/div><\/div><\/div><\/div><\/div><div id=\"panel-7024-0-0-4\" class=\"so-panel widget widget_text\" data-index=\"4\" >\t\t\t<div class=\"textwidget\"><p>A continuaci\u00f3n le proporcionamos los enlaces de diversos navegadores, a trav\u00e9s de los cuales podr\u00e1 realizar dicha configuraci\u00f3n:<\/p>\n<ul>\n<li>Firefox desde aqu\u00ed:\u00a0<a href=\"https:\/\/support.mozilla.org\/es\/kb\/habilitar-y-deshabilitar-cookies-sitios-web-rastrear-preferencias\" target=\"_blank\" rel=\"noopener\">https:\/\/support.mozilla.org\/es\/kb\/habilitar-y-deshabilitar-cookies-sitios-web-rastrear-preferencias<\/a><\/li>\n<li>Chrome desde aqu\u00ed:\u00a0<a href=\"https:\/\/support.google.com\/chrome\/answer\/95647?hl=es\" target=\"_blank\" rel=\"noopener\">https:\/\/support.google.com\/chrome\/answer\/95647?hl=es<\/a><\/li>\n<li>Explorer desde aqu\u00ed:\u00a0<a href=\"https:\/\/support.microsoft.com\/es-us\/help\/17442\/windows-internet-explorer-delete-manage-cookies\" target=\"_blank\" rel=\"noopener\">https:\/\/support.microsoft.com\/es-us\/help\/17442\/windows-internet-explorer-delete-manage-cookies<\/a><\/li>\n<li>Safari desde aqu\u00ed:\u00a0<a href=\"https:\/\/support.apple.com\/es-es\/HT201265\" target=\"_blank\" rel=\"noopener\">https:\/\/support.apple.com\/es-es\/HT201265<\/a><\/li>\n<li>Opera desde aqu\u00ed:\u00a0<a href=\"http:\/\/help.opera.com\/Windows\/11.50\/es-ES\/cookies.html\" target=\"_blank\" rel=\"noopener\">http:\/\/help.opera.com\/Windows\/11.50\/es-ES\/cookies.html<\/a><\/li>\n<\/ul>\n<\/div>\n\t\t<\/div><div id=\"panel-7024-0-0-5\" class=\"so-panel widget widget_heading\" data-index=\"5\" ><div class=\"panel-widget-style panel-widget-style-for-7024-0-0-5\" ><div class=\"thim-widget-heading thim-widget-heading-base\"><div class=\"thim-heading text-left show_line\"><div class=\"sc-heading article_heading \" style=\";\"><h3 class=\"heading__primary\"><span><\/span><span class=\"title-text\">Condiciones de uso<\/span><span><\/span><\/h3><\/div><\/div><\/div><\/div><\/div><div id=\"panel-7024-0-0-6\" class=\"so-panel widget widget_text panel-last-child\" data-index=\"6\" >\t\t\t<div class=\"textwidget\"><p>En cumplimiento de la Ley 34\/2002, de 11 de julio, de Servicios de la Sociedad de la Informaci\u00f3n y de Comercio Electr\u00f3nico (LSSI-CE), DEBEMEN informa que es titular del sitio web www.baserrikoa.eus. De acuerdo con la exigencia del art\u00edculo 10 de la citada Ley, DEBEMEN informa de los siguientes datos:<br \/>\nEl titular de este sitio web es DEBEMEN, con CIF G20384549X y domicilio social en Kalebaren plaza 1-2 20870, ELGOIBAR (GUIP\u00daZCOA), inscrita en el Registro de Asociaciones del Pa\u00eds Vasco, en el fecha 24 de octubre de 1991 y n\u00famero de inscripci\u00f3n AS\/G\/02920\/1991 La direcci\u00f3n de correo electr\u00f3nico de contacto con la empresa es: debemen@debemen.eus USUARIO Y R\u00c9GIMEN DE RESPONSABILIDADES. La navegaci\u00f3n, acceso y uso por el sitio web de BASERRIKOA confiere la condici\u00f3n de usuario, por la que se aceptan, desde la navegaci\u00f3n por el sitio web de BASERRIKOA, todas las condiciones de uso aqu\u00ed establecidas sin perjuicio de la aplicaci\u00f3n de la correspondiente normativa de obligado cumplimiento legal seg\u00fan el caso.<\/p>\n<p>El sitio web de BASERRIKOA proporciona gran diversidad de informaci\u00f3n, servicios y datos. El usuario asume su responsabilidad en el uso correcto del sitio web. Esta responsabilidad se extender\u00e1 a:<br \/>\n&#8211; La veracidad y licitud de las informaciones aportadas por el usuario en los formularios extendidos por BASERRIKOA para el acceso a ciertos contenidos o servicios ofrecidos por el web.<br \/>\n&#8211; El uso de la informaci\u00f3n, servicios y datos ofrecidos por BASERRIKOA contrariamente a lo dispuesto por las presentes condiciones, la Ley, la moral, las buenas costumbres o el orden p\u00fablico, o que de cualquier otro modo puedan suponer lesi\u00f3n de los derechos de terceros o del mismo funcionamiento del sitio web.<\/p>\n<\/div>\n\t\t<\/div><\/div><\/div><\/div><\/div>","protected":false},"excerpt":{"rendered":"<p>Una Cookie es un fichero que se descarga en su ordenador al acceder a determinadas p\u00e1ginas web. Las cookies permiten a una p\u00e1gina web, entre otras cosas, almacenar y recuperar informaci\u00f3n sobre los h\u00e1bitos de navegaci\u00f3n de un usuario o de su equipo y, dependiendo de la informaci\u00f3n que contenga [&hellip;]<\/p>\n","protected":false},"author":1,"featured_media":0,"parent":0,"menu_order":11,"comment_status":"closed","ping_status":"closed","template":"","meta":{"footnotes":""},"class_list":["post-7024","page","type-page","status-publish","hentry"],"_links":{"self":[{"href":"https:\/\/baserrikoa.eus\/es\/wp-json\/wp\/v2\/pages\/7024","targetHints":{"allow":["GET"]}}],"collection":[{"href":"https:\/\/baserrikoa.eus\/es\/wp-json\/wp\/v2\/pages"}],"about":[{"href":"https:\/\/baserrikoa.eus\/es\/wp-json\/wp\/v2\/types\/page"}],"author":[{"embeddable":true,"href":"https:\/\/baserrikoa.eus\/es\/wp-json\/wp\/v2\/users\/1"}],"replies":[{"embeddable":true,"href":"https:\/\/baserrikoa.eus\/es\/wp-json\/wp\/v2\/comments?post=7024"}],"version-history":[{"count":26,"href":"https:\/\/baserrikoa.eus\/es\/wp-json\/wp\/v2\/pages\/7024\/revisions"}],"predecessor-version":[{"id":7027,"href":"https:\/\/baserrikoa.eus\/es\/wp-json\/wp\/v2\/pages\/7024\/revisions\/7027"}],"wp:attachment":[{"href":"https:\/\/baserrikoa.eus\/es\/wp-json\/wp\/v2\/media?parent=7024"}],"curies":[{"name":"wp","href":"https:\/\/api.w.org\/{rel}","templated":true}]}}